{"id":822,"date":"2020-10-25T23:15:52","date_gmt":"2020-10-25T22:15:52","guid":{"rendered":"http:\/\/serqueux52.fr\/?page_id=822"},"modified":"2020-10-26T19:30:03","modified_gmt":"2020-10-26T18:30:03","slug":"eau-potable-et-reseau-deau","status":"publish","type":"page","link":"https:\/\/serqueux52.fr\/?page_id=822","title":{"rendered":"Eau potable dans la commune"},"content":{"rendered":"\n\t\t\t<div class=\"display-post-types\">\n\n\t\t\t\t\t\t\t<style type=\"text\/css\">\n\t\t\t#dpt-wrapper-882 { --dpt-text-align: left;--dpt-image-crop: center;--dpt-border-radius: 5px;--dpt-small-grid-column: 33.33%;--dpt-large-grid-column: 20%;--dpt-h-gutter: 10px;--dpt-v-gutter: 10px;--dpt-text_pos_top: auto;--dpt-text_pos_bottom: 0;--dpt-text_pos_right: auto;--dpt-text_pos_left: 0%; }\t\t\t<\/style>\n\t\t\t<style type=\"text\/css\">#dpt-wrapper-882 { --dpt-title-font-style:normal;--dpt-title-font-weight:600;--dpt-title-line-height:1.5;--dpt-title-text-decoration:none;--dpt-title-text-transform:none;--dpt-excerpt-font-style:normal;--dpt-excerpt-font-weight:400;--dpt-excerpt-line-height:1.5;--dpt-excerpt-text-decoration:none;--dpt-excerpt-text-transform:none;--dpt-meta1-font-style:normal;--dpt-meta1-font-weight:400;--dpt-meta1-line-height:1.9;--dpt-meta1-text-decoration:none;--dpt-meta1-text-transform:none;--dpt-meta2-font-style:normal;--dpt-meta2-font-weight:400;--dpt-meta2-line-height:1.9;--dpt-meta2-text-decoration:none;--dpt-meta2-text-transform:none; }<\/style>\t\t\t\n\t\t\t\t<div id=\"dpt-wrapper-882\" class=\"dpt-wrapper dpt-grid2 squr multi-col dpt-image-overlay dpt-cropped dpt-flex-wrap\" >\n\n\t\t\t\t\t\t\t\t\t\t\t<div class=\"dpt-entry no-thumbnail\" data-title=\"r\u00e9sultats des analyses de l&rsquo;eau\" data-id=\"2982\"  data-category=\"accueil actualit\u00e9s eau potable\">\n\t\t\t\t\t\t\t<div class=\"dpt-entry-wrapper\"><div class=\" dpt-featured-content\"><div class=\" dpt-permalink\"><a href=\"https:\/\/serqueux52.fr\/?p=2982\" class=\"dpt-permalink\"><span class=\"screen-reader-text\">R\u00e9sultats des analyses de l&rsquo;eau<\/span><\/a><\/div><div class=\" dpt-thumbnail\"><div class=\"dpt-thumbnail-inner\"><\/div><span class=\"dpt-thumbnail-aspect-ratio\" style=\"padding-top: 100%\"><\/span><\/div><\/div><div class=\" sub-entry\"><h3 class=\" dpt-title\"><a class=\"dpt-title-link\" href=\"https:\/\/serqueux52.fr\/?p=2982\" rel=\"bookmark\">R\u00e9sultats des analyses de l&rsquo;eau<\/a><\/h3><\/div><\/div>\n\t\t\t\t\t\t<\/div><!-- .dpt-entry -->\n\t\t\t\t\t\t\t\t\t\t\t\t<div class=\"dpt-entry no-thumbnail\" data-title=\"r\u00e9sultats des analyses de l&rsquo;eau\" data-id=\"2958\"  data-category=\"accueil actualit\u00e9s eau potable\">\n\t\t\t\t\t\t\t<div class=\"dpt-entry-wrapper\"><div class=\" dpt-featured-content\"><div class=\" dpt-permalink\"><a href=\"https:\/\/serqueux52.fr\/?p=2958\" class=\"dpt-permalink\"><span class=\"screen-reader-text\">R\u00e9sultats des analyses de l&rsquo;eau<\/span><\/a><\/div><div class=\" dpt-thumbnail\"><div class=\"dpt-thumbnail-inner\"><\/div><span class=\"dpt-thumbnail-aspect-ratio\" style=\"padding-top: 100%\"><\/span><\/div><\/div><div class=\" sub-entry\"><h3 class=\" dpt-title\"><a class=\"dpt-title-link\" href=\"https:\/\/serqueux52.fr\/?p=2958\" rel=\"bookmark\">R\u00e9sultats des analyses de l&rsquo;eau<\/a><\/h3><\/div><\/div>\n\t\t\t\t\t\t<\/div><!-- .dpt-entry -->\n\t\t\t\t\t\t\t\t\t\t\t\t<div class=\"dpt-entry no-thumbnail\" data-title=\"r\u00e9sultats des analyses de l&rsquo;eau\" data-id=\"2804\"  data-category=\"accueil actualit\u00e9s eau potable\">\n\t\t\t\t\t\t\t<div class=\"dpt-entry-wrapper\"><div class=\" dpt-featured-content\"><div class=\" dpt-permalink\"><a href=\"https:\/\/serqueux52.fr\/?p=2804\" class=\"dpt-permalink\"><span class=\"screen-reader-text\">R\u00e9sultats des analyses de l&rsquo;eau<\/span><\/a><\/div><div class=\" dpt-thumbnail\"><div class=\"dpt-thumbnail-inner\"><\/div><span class=\"dpt-thumbnail-aspect-ratio\" style=\"padding-top: 100%\"><\/span><\/div><\/div><div class=\" sub-entry\"><h3 class=\" dpt-title\"><a class=\"dpt-title-link\" href=\"https:\/\/serqueux52.fr\/?p=2804\" rel=\"bookmark\">R\u00e9sultats des analyses de l&rsquo;eau<\/a><\/h3><\/div><\/div>\n\t\t\t\t\t\t<\/div><!-- .dpt-entry -->\n\t\t\t\t\t\t\t\t\t\t\t\t<div class=\"dpt-entry no-thumbnail\" data-title=\"departement place en alerte secheresse\" data-id=\"2720\"  data-category=\"accueil actualit\u00e9s eau potable\">\n\t\t\t\t\t\t\t<div class=\"dpt-entry-wrapper\"><div class=\" dpt-featured-content\"><div class=\" dpt-permalink\"><a href=\"https:\/\/serqueux52.fr\/?p=2720\" class=\"dpt-permalink\"><span class=\"screen-reader-text\">DEPARTEMENT PLACE EN ALERTE SECHERESSE<\/span><\/a><\/div><div class=\" dpt-thumbnail\"><div class=\"dpt-thumbnail-inner\"><\/div><span class=\"dpt-thumbnail-aspect-ratio\" style=\"padding-top: 100%\"><\/span><\/div><\/div><div class=\" sub-entry\"><h3 class=\" dpt-title\"><a class=\"dpt-title-link\" href=\"https:\/\/serqueux52.fr\/?p=2720\" rel=\"bookmark\">DEPARTEMENT PLACE EN ALERTE SECHERESSE<\/a><\/h3><\/div><\/div>\n\t\t\t\t\t\t<\/div><!-- .dpt-entry -->\n\t\t\t\t\t\t\t\t\t\t\t\t<div class=\"dpt-entry no-thumbnail\" data-title=\"r\u00e9sultat des analyses de l&rsquo;eau\" data-id=\"2700\"  data-category=\"accueil actualit\u00e9s eau potable\">\n\t\t\t\t\t\t\t<div class=\"dpt-entry-wrapper\"><div class=\" dpt-featured-content\"><div class=\" dpt-permalink\"><a href=\"https:\/\/serqueux52.fr\/?p=2700\" class=\"dpt-permalink\"><span class=\"screen-reader-text\">R\u00e9sultat des analyses de l&rsquo;eau<\/span><\/a><\/div><div class=\" dpt-thumbnail\"><div class=\"dpt-thumbnail-inner\"><\/div><span class=\"dpt-thumbnail-aspect-ratio\" style=\"padding-top: 100%\"><\/span><\/div><\/div><div class=\" sub-entry\"><h3 class=\" dpt-title\"><a class=\"dpt-title-link\" href=\"https:\/\/serqueux52.fr\/?p=2700\" rel=\"bookmark\">R\u00e9sultat des analyses de l&rsquo;eau<\/a><\/h3><\/div><\/div>\n\t\t\t\t\t\t<\/div><!-- .dpt-entry -->\n\t\t\t\t\t\t\t\t\t\t\t\t<div class=\"dpt-entry no-thumbnail\" data-title=\"r\u00e9sultats analyses de l&rsquo;eau\" data-id=\"2692\"  data-category=\"accueil actualit\u00e9s eau potable\">\n\t\t\t\t\t\t\t<div class=\"dpt-entry-wrapper\"><div class=\" dpt-featured-content\"><div class=\" dpt-permalink\"><a href=\"https:\/\/serqueux52.fr\/?p=2692\" class=\"dpt-permalink\"><span class=\"screen-reader-text\">R\u00e9sultats analyses de l&rsquo;eau<\/span><\/a><\/div><div class=\" dpt-thumbnail\"><div class=\"dpt-thumbnail-inner\"><\/div><span class=\"dpt-thumbnail-aspect-ratio\" style=\"padding-top: 100%\"><\/span><\/div><\/div><div class=\" sub-entry\"><h3 class=\" dpt-title\"><a class=\"dpt-title-link\" href=\"https:\/\/serqueux52.fr\/?p=2692\" rel=\"bookmark\">R\u00e9sultats analyses de l&rsquo;eau<\/a><\/h3><\/div><\/div>\n\t\t\t\t\t\t<\/div><!-- .dpt-entry -->\n\t\t\t\t\t\t\t\t\t\t\t\t<div class=\"dpt-entry no-thumbnail\" data-title=\"r\u00e9sultats des analyses de l&rsquo;eau\" data-id=\"2567\"  data-category=\"accueil actualit\u00e9s eau potable\">\n\t\t\t\t\t\t\t<div class=\"dpt-entry-wrapper\"><div class=\" dpt-featured-content\"><div class=\" dpt-permalink\"><a href=\"https:\/\/serqueux52.fr\/?p=2567\" class=\"dpt-permalink\"><span class=\"screen-reader-text\">R\u00e9sultats des analyses de l&rsquo;eau<\/span><\/a><\/div><div class=\" dpt-thumbnail\"><div class=\"dpt-thumbnail-inner\"><\/div><span class=\"dpt-thumbnail-aspect-ratio\" style=\"padding-top: 100%\"><\/span><\/div><\/div><div class=\" sub-entry\"><h3 class=\" dpt-title\"><a class=\"dpt-title-link\" href=\"https:\/\/serqueux52.fr\/?p=2567\" rel=\"bookmark\">R\u00e9sultats des analyses de l&rsquo;eau<\/a><\/h3><\/div><\/div>\n\t\t\t\t\t\t<\/div><!-- .dpt-entry -->\n\t\t\t\t\t\t\t\t\t\t\t\t<div class=\"dpt-entry no-thumbnail\" data-title=\"resultats analyses eau\" data-id=\"2440\"  data-category=\"accueil actualit\u00e9s eau potable\">\n\t\t\t\t\t\t\t<div class=\"dpt-entry-wrapper\"><div class=\" dpt-featured-content\"><div class=\" dpt-permalink\"><a href=\"https:\/\/serqueux52.fr\/?p=2440\" class=\"dpt-permalink\"><span class=\"screen-reader-text\">RESULTATS ANALYSES EAU<\/span><\/a><\/div><div class=\" dpt-thumbnail\"><div class=\"dpt-thumbnail-inner\"><\/div><span class=\"dpt-thumbnail-aspect-ratio\" style=\"padding-top: 100%\"><\/span><\/div><\/div><div class=\" sub-entry\"><h3 class=\" dpt-title\"><a class=\"dpt-title-link\" href=\"https:\/\/serqueux52.fr\/?p=2440\" rel=\"bookmark\">RESULTATS ANALYSES EAU<\/a><\/h3><\/div><\/div>\n\t\t\t\t\t\t<\/div><!-- .dpt-entry -->\n\t\t\t\t\t\t\t\t\t\t\t\t<div class=\"dpt-entry no-thumbnail\" data-title=\"resultats analyses eau : eau conforme &#8211; lev\u00e9e des restrictions\" data-id=\"2425\"  data-category=\"accueil actualit\u00e9s eau potable\">\n\t\t\t\t\t\t\t<div class=\"dpt-entry-wrapper\"><div class=\" dpt-featured-content\"><div class=\" dpt-permalink\"><a href=\"https:\/\/serqueux52.fr\/?p=2425\" class=\"dpt-permalink\"><span class=\"screen-reader-text\">RESULTATS ANALYSES EAU : EAU CONFORME &#8211; lev\u00e9e des restrictions<\/span><\/a><\/div><div class=\" dpt-thumbnail\"><div class=\"dpt-thumbnail-inner\"><\/div><span class=\"dpt-thumbnail-aspect-ratio\" style=\"padding-top: 100%\"><\/span><\/div><\/div><div class=\" sub-entry\"><h3 class=\" dpt-title\"><a class=\"dpt-title-link\" href=\"https:\/\/serqueux52.fr\/?p=2425\" rel=\"bookmark\">RESULTATS ANALYSES EAU : EAU CONFORME &#8211; lev\u00e9e des restrictions<\/a><\/h3><\/div><\/div>\n\t\t\t\t\t\t<\/div><!-- .dpt-entry -->\n\t\t\t\t\t\t\t\t\t\t\t\t<div class=\"dpt-entry no-thumbnail\" data-title=\"r\u00e9sultats analyse des eaux destin\u00e9s \u00e0 la consommation humaine\" data-id=\"2277\"  data-category=\"accueil actualit\u00e9s eau potable\">\n\t\t\t\t\t\t\t<div class=\"dpt-entry-wrapper\"><div class=\" dpt-featured-content\"><div class=\" dpt-permalink\"><a href=\"https:\/\/serqueux52.fr\/?p=2277\" class=\"dpt-permalink\"><span class=\"screen-reader-text\">R\u00e9sultats analyse des eaux destin\u00e9s \u00e0 la consommation humaine<\/span><\/a><\/div><div class=\" dpt-thumbnail\"><div class=\"dpt-thumbnail-inner\"><\/div><span class=\"dpt-thumbnail-aspect-ratio\" style=\"padding-top: 100%\"><\/span><\/div><\/div><div class=\" sub-entry\"><h3 class=\" dpt-title\"><a class=\"dpt-title-link\" href=\"https:\/\/serqueux52.fr\/?p=2277\" rel=\"bookmark\">R\u00e9sultats analyse des eaux destin\u00e9s \u00e0 la consommation humaine<\/a><\/h3><\/div><\/div>\n\t\t\t\t\t\t<\/div><!-- .dpt-entry -->\n\t\t\t\t\t\t\t\t\t\t\t\t<div class=\"dpt-entry no-thumbnail\" data-title=\"r\u00e9sultat du contr\u00f4le sanitaire des eaux destin\u00e9es \u00e0 la consommation humaine\" data-id=\"2213\"  data-category=\"accueil actualit\u00e9s eau potable\">\n\t\t\t\t\t\t\t<div class=\"dpt-entry-wrapper\"><div class=\" dpt-featured-content\"><div class=\" dpt-permalink\"><a href=\"https:\/\/serqueux52.fr\/?p=2213\" class=\"dpt-permalink\"><span class=\"screen-reader-text\">R\u00e9sultat du contr\u00f4le sanitaire des eaux destin\u00e9es \u00e0 la consommation humaine<\/span><\/a><\/div><div class=\" dpt-thumbnail\"><div class=\"dpt-thumbnail-inner\"><\/div><span class=\"dpt-thumbnail-aspect-ratio\" style=\"padding-top: 100%\"><\/span><\/div><\/div><div class=\" sub-entry\"><h3 class=\" dpt-title\"><a class=\"dpt-title-link\" href=\"https:\/\/serqueux52.fr\/?p=2213\" rel=\"bookmark\">R\u00e9sultat du contr\u00f4le sanitaire des eaux destin\u00e9es \u00e0 la consommation humaine<\/a><\/h3><\/div><\/div>\n\t\t\t\t\t\t<\/div><!-- .dpt-entry -->\n\t\t\t\t\t\t\t\t\t\t\t\t<div class=\"dpt-entry no-thumbnail\" data-title=\"r\u00e9sultat du contr\u00f4le sanitaire des eaux destin\u00e9es \u00e0 la consommation humaine\" data-id=\"2193\"  data-category=\"accueil actualit\u00e9s eau potable\">\n\t\t\t\t\t\t\t<div class=\"dpt-entry-wrapper\"><div class=\" dpt-featured-content\"><div class=\" dpt-permalink\"><a href=\"https:\/\/serqueux52.fr\/?p=2193\" class=\"dpt-permalink\"><span class=\"screen-reader-text\">R\u00e9sultat du contr\u00f4le sanitaire des eaux destin\u00e9es \u00e0 la consommation humaine<\/span><\/a><\/div><div class=\" dpt-thumbnail\"><div class=\"dpt-thumbnail-inner\"><\/div><span class=\"dpt-thumbnail-aspect-ratio\" style=\"padding-top: 100%\"><\/span><\/div><\/div><div class=\" sub-entry\"><h3 class=\" dpt-title\"><a class=\"dpt-title-link\" href=\"https:\/\/serqueux52.fr\/?p=2193\" rel=\"bookmark\">R\u00e9sultat du contr\u00f4le sanitaire des eaux destin\u00e9es \u00e0 la consommation humaine<\/a><\/h3><\/div><\/div>\n\t\t\t\t\t\t<\/div><!-- .dpt-entry -->\n\t\t\t\t\t\t\t\t\t\t\t\t<div class=\"dpt-entry no-thumbnail\" data-title=\"resultat controle sanitaire des eaux destinees a la consommation humaine\" data-id=\"2187\"  data-category=\"accueil actualit\u00e9s eau potable\">\n\t\t\t\t\t\t\t<div class=\"dpt-entry-wrapper\"><div class=\" dpt-featured-content\"><div class=\" dpt-permalink\"><a href=\"https:\/\/serqueux52.fr\/?p=2187\" class=\"dpt-permalink\"><span class=\"screen-reader-text\">RESULTAT CONTROLE SANITAIRE DES EAUX DESTINEES A LA CONSOMMATION HUMAINE<\/span><\/a><\/div><div class=\" dpt-thumbnail\"><div class=\"dpt-thumbnail-inner\"><\/div><span class=\"dpt-thumbnail-aspect-ratio\" style=\"padding-top: 100%\"><\/span><\/div><\/div><div class=\" sub-entry\"><h3 class=\" dpt-title\"><a class=\"dpt-title-link\" href=\"https:\/\/serqueux52.fr\/?p=2187\" rel=\"bookmark\">RESULTAT CONTROLE SANITAIRE DES EAUX DESTINEES A LA CONSOMMATION HUMAINE<\/a><\/h3><\/div><\/div>\n\t\t\t\t\t\t<\/div><!-- .dpt-entry -->\n\t\t\t\t\t\t\t\t\t\t\t\t<div class=\"dpt-entry no-thumbnail\" data-title=\"resultat controle sanitaire des des eaux destines a la consommation humaine\" data-id=\"2123\"  data-category=\"accueil actualit\u00e9s eau potable\">\n\t\t\t\t\t\t\t<div class=\"dpt-entry-wrapper\"><div class=\" dpt-featured-content\"><div class=\" dpt-permalink\"><a href=\"https:\/\/serqueux52.fr\/?p=2123\" class=\"dpt-permalink\"><span class=\"screen-reader-text\">RESULTAT CONTROLE SANITAIRE DES DES EAUX DESTINES A LA CONSOMMATION HUMAINE<\/span><\/a><\/div><div class=\" dpt-thumbnail\"><div class=\"dpt-thumbnail-inner\"><\/div><span class=\"dpt-thumbnail-aspect-ratio\" style=\"padding-top: 100%\"><\/span><\/div><\/div><div class=\" sub-entry\"><h3 class=\" dpt-title\"><a class=\"dpt-title-link\" href=\"https:\/\/serqueux52.fr\/?p=2123\" rel=\"bookmark\">RESULTAT CONTROLE SANITAIRE DES DES EAUX DESTINES A LA CONSOMMATION HUMAINE<\/a><\/h3><\/div><\/div>\n\t\t\t\t\t\t<\/div><!-- .dpt-entry -->\n\t\t\t\t\t\t\t\t\t\t\t\t<div class=\"dpt-entry no-thumbnail\" data-title=\"r\u00e9sultats des analyses de l&rsquo;eau de consommation\" data-id=\"2011\"  data-category=\"accueil actualit\u00e9s eau potable\">\n\t\t\t\t\t\t\t<div class=\"dpt-entry-wrapper\"><div class=\" dpt-featured-content\"><div class=\" dpt-permalink\"><a href=\"https:\/\/serqueux52.fr\/?p=2011\" class=\"dpt-permalink\"><span class=\"screen-reader-text\">R\u00e9sultats des analyses de l&rsquo;eau de consommation<\/span><\/a><\/div><div class=\" dpt-thumbnail\"><div class=\"dpt-thumbnail-inner\"><\/div><span class=\"dpt-thumbnail-aspect-ratio\" style=\"padding-top: 100%\"><\/span><\/div><\/div><div class=\" sub-entry\"><h3 class=\" dpt-title\"><a class=\"dpt-title-link\" href=\"https:\/\/serqueux52.fr\/?p=2011\" rel=\"bookmark\">R\u00e9sultats des analyses de l&rsquo;eau de consommation<\/a><\/h3><\/div><\/div>\n\t\t\t\t\t\t<\/div><!-- .dpt-entry -->\n\t\t\t\t\t\t\n\t\t\t\t<\/div>\n\t\t\t\t\t\t<\/div>\n\t\t\t","protected":false},"excerpt":{"rendered":"","protected":false},"author":3,"featured_media":0,"parent":0,"menu_order":0,"comment_status":"closed","ping_status":"closed","template":"","meta":{"footnotes":""},"class_list":["post-822","page","type-page","status-publish","hentry"],"publishpress_future_action":{"enabled":false,"date":"2026-05-04 02:42:38","action":"change-status","newStatus":"draft","terms":[],"taxonomy":"","extraData":[]},"publishpress_future_workflow_manual_trigger":{"enabledWorkflows":[]},"_links":{"self":[{"href":"https:\/\/serqueux52.fr\/index.php?rest_route=\/wp\/v2\/pages\/822","targetHints":{"allow":["GET"]}}],"collection":[{"href":"https:\/\/serqueux52.fr\/index.php?rest_route=\/wp\/v2\/pages"}],"about":[{"href":"https:\/\/serqueux52.fr\/index.php?rest_route=\/wp\/v2\/types\/page"}],"author":[{"embeddable":true,"href":"https:\/\/serqueux52.fr\/index.php?rest_route=\/wp\/v2\/users\/3"}],"replies":[{"embeddable":true,"href":"https:\/\/serqueux52.fr\/index.php?rest_route=%2Fwp%2Fv2%2Fcomments&post=822"}],"version-history":[{"count":2,"href":"https:\/\/serqueux52.fr\/index.php?rest_route=\/wp\/v2\/pages\/822\/revisions"}],"predecessor-version":[{"id":847,"href":"https:\/\/serqueux52.fr\/index.php?rest_route=\/wp\/v2\/pages\/822\/revisions\/847"}],"wp:attachment":[{"href":"https:\/\/serqueux52.fr\/index.php?rest_route=%2Fwp%2Fv2%2Fmedia&parent=822"}],"curies":[{"name":"wp","href":"https:\/\/api.w.org\/{rel}","templated":true}]}}